{"id":5,"date":"2012-09-29T20:54:31","date_gmt":"2012-09-29T20:54:31","guid":{"rendered":"http:\/\/www.unosoundmusik.com\/?page_id=5"},"modified":"2023-06-11T16:38:01","modified_gmt":"2023-06-11T16:38:01","slug":"about","status":"publish","type":"page","link":"https:\/\/www.unosoundmusik.com\/es\/about\/","title":{"rendered":"Acerca de"},"content":{"rendered":"USM es un colectivo de composici\u00f3n, enfocado en escribir y producir m\u00fasica para cine, publicidad, documentales, exposiciones y otros eventos.<\/p>\n<p>Fundado hace m\u00e1s de 10 a\u00f1os por Pepe Arce y Sarah Perkins, USM colabora con un amplio rango de m\u00fasicos y cantantes con el fin de hacer m\u00fasicas m\u00e1s diversas e immersivas.<\/p>\n<p>Somos muy vers\u00e1tiles en el estilo musical y capaces de evocar un gran rango de atm\u00f3sferas. Nuestro proceso creativo con frecuencia envuelve improvisaci\u00f3n, el uso de polyritmos e incorpora una diversidad de influencias culturales.<\/p>\n<p>La m\u00fasica de USM ha caracterizado varios documentales de tem\u00e1tica social como <em>Spanish Dream<\/em>, <em>Permitido El Paso<\/em> o <em>De Mayor Quiero construir Como T\u00fa<\/em>.<\/p>\n<p>Estamos disponibles para crear m\u00fasica original espec\u00edfica para las necesidades de tu proyecto.<\/p>\n<p>&nbsp;<\/p>\n<p><strong>Pepe Arce S\u00e1nchez. <\/strong>Sevilla, 1975<\/p>\n<p>M\u00fasico y compositor. Comienza su carrera <a href=\"http:\/\/vimeo.com\/52697324\" target=\"_blank\" rel=\"noopener noreferrer\">homenajeando a Frank Zappa<\/a>. M\u00e1s tarde es miembro de la banda de m\u00fasica andalus\u00ed <a href=\"http:\/\/www.youtube.com\/watch?v=r5B9Qanzkfw\" target=\"_blank\" rel=\"noopener noreferrer\">Almukatab<\/a> y la <a href=\"https:\/\/youtu.be\/-UWp7NipvPI\" target=\"_blank\" rel=\"noopener\">Orquesta Baqdunas<\/a>. Destacan sus trabajos para el estudio de arquitectura <a href=\"https:\/\/vimeo.com\/164166020\" target=\"_blank\" rel=\"noopener noreferrer\">La Casita<\/a>, la productora <a href=\"https:\/\/vimeo.com\/190758558\" target=\"_blank\" rel=\"noopener noreferrer\">Out of Bounds Music<\/a> (Londres) y para la plataforma Recetas Urbanas (Sevilla). Creador junto a Jaime \u201cel gamba\u201d de <a href=\"http:\/\/www.poesiasorda.es\/\" target=\"_blank\" rel=\"noopener noreferrer\">Poes\u00eda Sorda<\/a> (Aristas Mart\u00ednez, 2011). Creador de UnoSoundMusik 2012.<\/p>\n<p>&nbsp;<\/p>\n<p><strong>Sarah Perkins<\/strong>, London<\/p>\n<p>Sarah Perkins was a music scholar at The Purcell School of Music where she studied clarinet and began composing. She went on to study at the Guildhall School of Music and Drama, Griffith University (Australia) and Queensland University. Oliver Knussen once claimed that she had a gift for writing melodic ideas and it is her experience with many years of playing the clarinet that has helped her to develop a style of composition that perfectly complements the music she writes with Jose Sanchez. She has now been working with Pepe in UnoSound for 12 years and together they have written pieces for documentaries including \u00abSpanish Dream\u00bb, \u00ab20 years Recetas Urbanas\u00bb, \u00abInstante\u00bb, \u00abWish\u00bb and many others.USM es un colectivo de composici\u00f3n, enfocado en escribir y producir m\u00fasica para cine, publicidad, documentales, exposiciones y otros eventos.","protected":false},"excerpt":{"rendered":"<p>USM es un colectivo de composici\u00f3n, enfocado en escribir y producir m\u00fasica para cine, publicidad, documentales, exposiciones y otros eventos. Fundado hace m\u00e1s de 10 a\u00f1os por Pepe Arce y Sarah Perkins, USM colabora con un amplio rango de m\u00fasicos y cantantes con el fin de hacer m\u00fasicas m\u00e1s diversas e immersivas. Somos muy vers\u00e1tiles &hellip; <a href=\"https:\/\/www.unosoundmusik.com\/es\/about\/\" class=\"more-link\">Continuar leyendo<span class=\"screen-reader-text\"> \u00abAcerca de\u00bb<\/span><\/a><\/p>\n","protected":false},"author":1,"featured_media":0,"parent":0,"menu_order":0,"comment_status":"closed","ping_status":"closed","template":"","meta":{"footnotes":""},"class_list":["post-5","page","type-page","status-publish","hentry"],"yoast_head":"<!-- This site is optimized with the Yoast SEO plugin v27.4 - https:\/\/yoast.com\/product\/yoast-seo-wordpress\/ -->\n<title>Acerca de - Uno Sound Musik<\/title>\n<meta name=\"robots\" content=\"index, follow, max-snippet:-1, max-image-preview:large, max-video-preview:-1\" \/>\n<link rel=\"canonical\" href=\"https:\/\/www.unosoundmusik.com\/about\/\" \/>\n<meta property=\"og:locale\" content=\"es_ES\" \/>\n<meta property=\"og:type\" content=\"article\" \/>\n<meta property=\"og:title\" content=\"Acerca de - Uno Sound Musik\" \/>\n<meta property=\"og:description\" content=\"USM es un colectivo de composici\u00f3n, enfocado en escribir y producir m\u00fasica para cine, publicidad, documentales, exposiciones y otros eventos. Fundado hace m\u00e1s de 10 a\u00f1os por Pepe Arce y Sarah Perkins, USM colabora con un amplio rango de m\u00fasicos y cantantes con el fin de hacer m\u00fasicas m\u00e1s diversas e immersivas. Somos muy vers\u00e1tiles &hellip; Continuar leyendo &quot;Acerca de&quot;\" \/>\n<meta property=\"og:url\" content=\"https:\/\/www.unosoundmusik.com\/about\/\" \/>\n<meta property=\"og:site_name\" content=\"Uno Sound Musik\" \/>\n<meta property=\"article:modified_time\" content=\"2023-06-11T16:38:01+00:00\" \/>\n<meta name=\"twitter:label1\" content=\"Tiempo de lectura\" \/>\n\t<meta name=\"twitter:data1\" content=\"5 minutos\" \/>\n<script type=\"application\/ld+json\" class=\"yoast-schema-graph\">{\"@context\":\"https:\\\/\\\/schema.org\",\"@graph\":[{\"@type\":\"WebPage\",\"@id\":\"https:\\\/\\\/www.unosoundmusik.com\\\/about\\\/\",\"url\":\"https:\\\/\\\/www.unosoundmusik.com\\\/about\\\/\",\"name\":\"Acerca de - Uno Sound Musik\",\"isPartOf\":{\"@id\":\"https:\\\/\\\/www.unosoundmusik.com\\\/en\\\/#website\"},\"datePublished\":\"2012-09-29T20:54:31+00:00\",\"dateModified\":\"2023-06-11T16:38:01+00:00\",\"breadcrumb\":{\"@id\":\"https:\\\/\\\/www.unosoundmusik.com\\\/about\\\/#breadcrumb\"},\"inLanguage\":\"es\",\"potentialAction\":[{\"@type\":\"ReadAction\",\"target\":[\"https:\\\/\\\/www.unosoundmusik.com\\\/about\\\/\"]}]},{\"@type\":\"BreadcrumbList\",\"@id\":\"https:\\\/\\\/www.unosoundmusik.com\\\/about\\\/#breadcrumb\",\"itemListElement\":[{\"@type\":\"ListItem\",\"position\":1,\"name\":\"Home\",\"item\":\"https:\\\/\\\/www.unosoundmusik.com\\\/en\\\/\"},{\"@type\":\"ListItem\",\"position\":2,\"name\":\"About\"}]},{\"@type\":\"WebSite\",\"@id\":\"https:\\\/\\\/www.unosoundmusik.com\\\/en\\\/#website\",\"url\":\"https:\\\/\\\/www.unosoundmusik.com\\\/en\\\/\",\"name\":\"Uno Sound Musik\",\"description\":\"Music Project\",\"publisher\":{\"@id\":\"https:\\\/\\\/www.unosoundmusik.com\\\/en\\\/#organization\"},\"potentialAction\":[{\"@type\":\"SearchAction\",\"target\":{\"@type\":\"EntryPoint\",\"urlTemplate\":\"https:\\\/\\\/www.unosoundmusik.com\\\/en\\\/?s={search_term_string}\"},\"query-input\":{\"@type\":\"PropertyValueSpecification\",\"valueRequired\":true,\"valueName\":\"search_term_string\"}}],\"inLanguage\":\"es\"},{\"@type\":\"Organization\",\"@id\":\"https:\\\/\\\/www.unosoundmusik.com\\\/en\\\/#organization\",\"name\":\"Uno Sound Musik\",\"url\":\"https:\\\/\\\/www.unosoundmusik.com\\\/en\\\/\",\"logo\":{\"@type\":\"ImageObject\",\"inLanguage\":\"es\",\"@id\":\"https:\\\/\\\/www.unosoundmusik.com\\\/en\\\/#\\\/schema\\\/logo\\\/image\\\/\",\"url\":\"https:\\\/\\\/www.unosoundmusik.com\\\/wp-content\\\/uploads\\\/2020\\\/10\\\/logo-usm.jpg\",\"contentUrl\":\"https:\\\/\\\/www.unosoundmusik.com\\\/wp-content\\\/uploads\\\/2020\\\/10\\\/logo-usm.jpg\",\"width\":240,\"height\":240,\"caption\":\"Uno Sound Musik\"},\"image\":{\"@id\":\"https:\\\/\\\/www.unosoundmusik.com\\\/en\\\/#\\\/schema\\\/logo\\\/image\\\/\"}}]}<\/script>\n<!-- \/ Yoast SEO plugin. -->","yoast_head_json":{"title":"Acerca de - Uno Sound Musik","robots":{"index":"index","follow":"follow","max-snippet":"max-snippet:-1","max-image-preview":"max-image-preview:large","max-video-preview":"max-video-preview:-1"},"canonical":"https:\/\/www.unosoundmusik.com\/about\/","og_locale":"es_ES","og_type":"article","og_title":"Acerca de - Uno Sound Musik","og_description":"USM es un colectivo de composici\u00f3n, enfocado en escribir y producir m\u00fasica para cine, publicidad, documentales, exposiciones y otros eventos. Fundado hace m\u00e1s de 10 a\u00f1os por Pepe Arce y Sarah Perkins, USM colabora con un amplio rango de m\u00fasicos y cantantes con el fin de hacer m\u00fasicas m\u00e1s diversas e immersivas. Somos muy vers\u00e1tiles &hellip; Continuar leyendo \"Acerca de\"","og_url":"https:\/\/www.unosoundmusik.com\/about\/","og_site_name":"Uno Sound Musik","article_modified_time":"2023-06-11T16:38:01+00:00","twitter_misc":{"Tiempo de lectura":"5 minutos"},"schema":{"@context":"https:\/\/schema.org","@graph":[{"@type":"WebPage","@id":"https:\/\/www.unosoundmusik.com\/about\/","url":"https:\/\/www.unosoundmusik.com\/about\/","name":"Acerca de - Uno Sound Musik","isPartOf":{"@id":"https:\/\/www.unosoundmusik.com\/en\/#website"},"datePublished":"2012-09-29T20:54:31+00:00","dateModified":"2023-06-11T16:38:01+00:00","breadcrumb":{"@id":"https:\/\/www.unosoundmusik.com\/about\/#breadcrumb"},"inLanguage":"es","potentialAction":[{"@type":"ReadAction","target":["https:\/\/www.unosoundmusik.com\/about\/"]}]},{"@type":"BreadcrumbList","@id":"https:\/\/www.unosoundmusik.com\/about\/#breadcrumb","itemListElement":[{"@type":"ListItem","position":1,"name":"Home","item":"https:\/\/www.unosoundmusik.com\/en\/"},{"@type":"ListItem","position":2,"name":"About"}]},{"@type":"WebSite","@id":"https:\/\/www.unosoundmusik.com\/en\/#website","url":"https:\/\/www.unosoundmusik.com\/en\/","name":"Uno Sound Musik","description":"Music Project","publisher":{"@id":"https:\/\/www.unosoundmusik.com\/en\/#organization"},"potentialAction":[{"@type":"SearchAction","target":{"@type":"EntryPoint","urlTemplate":"https:\/\/www.unosoundmusik.com\/en\/?s={search_term_string}"},"query-input":{"@type":"PropertyValueSpecification","valueRequired":true,"valueName":"search_term_string"}}],"inLanguage":"es"},{"@type":"Organization","@id":"https:\/\/www.unosoundmusik.com\/en\/#organization","name":"Uno Sound Musik","url":"https:\/\/www.unosoundmusik.com\/en\/","logo":{"@type":"ImageObject","inLanguage":"es","@id":"https:\/\/www.unosoundmusik.com\/en\/#\/schema\/logo\/image\/","url":"https:\/\/www.unosoundmusik.com\/wp-content\/uploads\/2020\/10\/logo-usm.jpg","contentUrl":"https:\/\/www.unosoundmusik.com\/wp-content\/uploads\/2020\/10\/logo-usm.jpg","width":240,"height":240,"caption":"Uno Sound Musik"},"image":{"@id":"https:\/\/www.unosoundmusik.com\/en\/#\/schema\/logo\/image\/"}}]}},"_links":{"self":[{"href":"https:\/\/www.unosoundmusik.com\/es\/wp-json\/wp\/v2\/pages\/5","targetHints":{"allow":["GET"]}}],"collection":[{"href":"https:\/\/www.unosoundmusik.com\/es\/wp-json\/wp\/v2\/pages"}],"about":[{"href":"https:\/\/www.unosoundmusik.com\/es\/wp-json\/wp\/v2\/types\/page"}],"author":[{"embeddable":true,"href":"https:\/\/www.unosoundmusik.com\/es\/wp-json\/wp\/v2\/users\/1"}],"replies":[{"embeddable":true,"href":"https:\/\/www.unosoundmusik.com\/es\/wp-json\/wp\/v2\/comments?post=5"}],"version-history":[{"count":34,"href":"https:\/\/www.unosoundmusik.com\/es\/wp-json\/wp\/v2\/pages\/5\/revisions"}],"predecessor-version":[{"id":658,"href":"https:\/\/www.unosoundmusik.com\/es\/wp-json\/wp\/v2\/pages\/5\/revisions\/658"}],"wp:attachment":[{"href":"https:\/\/www.unosoundmusik.com\/es\/wp-json\/wp\/v2\/media?parent=5"}],"curies":[{"name":"wp","href":"https:\/\/api.w.org\/{rel}","templated":true}]}}